{"id":221,"date":"2017-12-10T14:24:07","date_gmt":"2017-12-10T14:24:07","guid":{"rendered":"http:\/\/christophmenger.de\/christophmenger\/?page_id=221"},"modified":"2017-12-19T12:03:51","modified_gmt":"2017-12-19T11:03:51","slug":"impressum","status":"publish","type":"page","link":"https:\/\/christophmenger.de\/christophmenger\/impressum\/","title":{"rendered":"Impressum"},"content":{"rendered":"<h3>Inhaber dieses Internetauftrittes<\/h3>\n<h4>Christoph Menger<\/h4>\n<p>Wilhelmstr.4<\/p>\n<p>68649 Gro\u00df-Rohrheim<\/p>\n<p>Telefon : +49 6245 905216<\/p>\n<p>E-Mail : info@christophmenger.de<\/p>\n<p>&nbsp;<\/p>\n<h3>Haftungsausschluss<\/h3>\n<p><span style=\"display: inline !important; float: none; background-color: transparent; color: #333333; font-family: 'Noto Serif',serif; font-size: 17px; font-style: normal; font-variant: normal; font-weight: 400; letter-spacing: normal; orphans: 2; text-align: left; text-decoration: none; text-indent: 0px; text-transform: none; -webkit-text-stroke-width: 0px; white-space: normal; word-spacing: 0px;\">Dieses Angebot enth\u00e4lt Links zu externen Webseiten Dritter, auf deren Inhalte<\/span><\/p>\n<p><span style=\"display: inline !important; float: none; background-color: transparent; color: #333333; font-family: 'Noto Serif',serif; font-size: 17px; font-style: normal; font-variant: normal; font-weight: 400; letter-spacing: normal; orphans: 2; text-align: left; text-decoration: none; text-indent: 0px; text-transform: none; -webkit-text-stroke-width: 0px; white-space: normal; word-spacing: 0px;\">ich keinen Einfluss habe. Deshalb werden ich f\u00fcr diese fremden Inhalte auch keine <\/span><\/p>\n<p><span style=\"display: inline !important; float: none; background-color: transparent; color: #333333; font-family: 'Noto Serif',serif; font-size: 17px; font-style: normal; font-variant: normal; font-weight: 400; letter-spacing: normal; orphans: 2; text-align: left; text-decoration: none; text-indent: 0px; text-transform: none; -webkit-text-stroke-width: 0px; white-space: normal; word-spacing: 0px;\">Gew\u00e4hr \u00fcbernehmen. F\u00fcr die Inhalte der verlinkten Seiten ist stets der jeweilige<\/span><\/p>\n<p><span style=\"display: inline !important; float: none; background-color: transparent; color: #333333; font-family: 'Noto Serif',serif; font-size: 17px; font-style: normal; font-variant: normal; font-weight: 400; letter-spacing: normal; orphans: 2; text-align: left; text-decoration: none; text-indent: 0px; text-transform: none; -webkit-text-stroke-width: 0px; white-space: normal; word-spacing: 0px;\">Anbieter oder Betreiber der Seiten verantwortlich.<\/span><\/p>\n<p>&nbsp;<\/p>\n<h3>Urheberrecht<\/h3>\n<p><span style=\"display: inline !important; float: none; background-color: transparent; color: #333333; font-family: 'Noto Serif',serif; font-size: 17px; font-style: normal; font-variant: normal; font-weight: 400; letter-spacing: normal; line-height: 28px; orphans: 2; text-align: left; text-decoration: none; text-indent: 0px; text-transform: none; -webkit-text-stroke-width: 0px; white-space: normal; word-spacing: 0px; word-wrap: break-word;\">Der Inhalt dieser Internetseiten ist urheberrechtlich gesch\u00fctzt. <\/span><\/p>\n<p><span style=\"display: inline !important; float: none; background-color: transparent; color: #333333; font-family: 'Noto Serif',serif; font-size: 17px; font-style: normal; font-variant: normal; font-weight: 400; letter-spacing: normal; line-height: 28px; orphans: 2; text-align: left; text-decoration: none; text-indent: 0px; text-transform: none; -webkit-text-stroke-width: 0px; white-space: normal; word-spacing: 0px; word-wrap: break-word;\">Die Vervielf\u00e4ltigung, Bearbeitung, Verbreitung und jede Art der Verwertung <\/span><\/p>\n<p><span style=\"display: inline !important; float: none; background-color: transparent; color: #333333; font-family: 'Noto Serif',serif; font-size: 17px; font-style: normal; font-variant: normal; font-weight: 400; letter-spacing: normal; line-height: 28px; orphans: 2; text-align: left; text-decoration: none; text-indent: 0px; text-transform: none; -webkit-text-stroke-width: 0px; white-space: normal; word-spacing: 0px; word-wrap: break-word;\">bed\u00fcrfen der schriftlichen Zustimmung des Autors.<\/span><\/p>\n<h3><\/h3>\n<p style=\"text-align: left;\">\n","protected":false},"excerpt":{"rendered":"<p>Inhaber dieses Internetauftrittes Christoph Menger Wilhelmstr.4 68649 Gro\u00df-Rohrheim Telefon : +49 6245 905216 E-Mail : info@christophmenger.de &nbsp; Haftungsausschluss Dieses Angebot enth\u00e4lt Links [&hellip;]<\/p>\n","protected":false},"author":1,"featured_media":0,"parent":0,"menu_order":0,"comment_status":"closed","ping_status":"closed","template":"page-templates\/page_fullwidth.php","meta":{"footnotes":""},"class_list":["post-221","page","type-page","status-publish","hentry"],"_links":{"self":[{"href":"https:\/\/christophmenger.de\/christophmenger\/wp-json\/wp\/v2\/pages\/221","targetHints":{"allow":["GET"]}}],"collection":[{"href":"https:\/\/christophmenger.de\/christophmenger\/wp-json\/wp\/v2\/pages"}],"about":[{"href":"https:\/\/christophmenger.de\/christophmenger\/wp-json\/wp\/v2\/types\/page"}],"author":[{"embeddable":true,"href":"https:\/\/christophmenger.de\/christophmenger\/wp-json\/wp\/v2\/users\/1"}],"replies":[{"embeddable":true,"href":"https:\/\/christophmenger.de\/christophmenger\/wp-json\/wp\/v2\/comments?post=221"}],"version-history":[{"count":5,"href":"https:\/\/christophmenger.de\/christophmenger\/wp-json\/wp\/v2\/pages\/221\/revisions"}],"predecessor-version":[{"id":912,"href":"https:\/\/christophmenger.de\/christophmenger\/wp-json\/wp\/v2\/pages\/221\/revisions\/912"}],"wp:attachment":[{"href":"https:\/\/christophmenger.de\/christophmenger\/wp-json\/wp\/v2\/media?parent=221"}],"curies":[{"name":"wp","href":"https:\/\/api.w.org\/{rel}","templated":true}]}}