{"id":7,"date":"2017-12-07T10:39:20","date_gmt":"2017-12-07T10:39:20","guid":{"rendered":"http:\/\/christophmenger.de\/christophmenger\/?page_id=7"},"modified":"2018-02-23T11:36:03","modified_gmt":"2018-02-23T10:36:03","slug":"ueber-mich","status":"publish","type":"page","link":"https:\/\/christophmenger.de\/christophmenger\/ueber-mich\/","title":{"rendered":"\u00dcber mich"},"content":{"rendered":"<div id=\"pl-7\"  class=\"panel-layout\" ><div id=\"pg-7-0\"  class=\"panel-grid panel-has-style\" ><div style=\"padding: 100px 0; \" data-overlay=\"true\" data-overlay-color=\"#000000\" class=\"panel-row-style panel-row-style-for-7-0\" ><div id=\"pgc-7-0-0\"  class=\"panel-grid-cell\" ><div id=\"panel-7-0-0-0\" class=\"so-panel widget widget_black-studio-tinymce widget_black_studio_tinymce panel-first-child panel-last-child\" data-index=\"0\" ><div style=\"text-align: left;\" data-title-color=\"#443f3f\" data-headings-color=\"#443f3f\" class=\"panel-widget-style panel-widget-style-for-7-0-0-0\" ><div class=\"textwidget\"><p style=\"text-align: center;\"><a href=\"https:\/\/www.christophmenger.de\/wp-content\/uploads\/2017\/12\/chm.jpg\"><img loading=\"lazy\" decoding=\"async\" class=\"alignnone size-medium wp-image-235\" src=\"https:\/\/www.christophmenger.de\/wp-content\/uploads\/2017\/12\/chm-215x300.jpg\" alt=\"\" width=\"215\" height=\"300\" srcset=\"https:\/\/www.christophmenger.de\/wp-content\/uploads\/2017\/12\/chm-215x300.jpg 215w, https:\/\/www.christophmenger.de\/wp-content\/uploads\/2017\/12\/chm-230x320.jpg 230w, https:\/\/www.christophmenger.de\/wp-content\/uploads\/2017\/12\/chm.jpg 300w\" sizes=\"auto, (max-width: 215px) 100vw, 215px\" \/><\/a><\/p>\n<p style=\"text-align: center;\"><span style=\"color: #060035;\"><strong>Recyclingk\u00fcnstler Christoph Menger<\/strong><\/span><\/p>\n<p style=\"text-align: center;\"><strong>Abfall einmal anders !<\/strong><\/p>\n<p class=\"style3\" style=\"text-align: center;\" align=\"left\">Erst bei n\u00e4herer Betrachtung erkennt oder besser erahnt der Kunstinteressierte das eigentliche Ursprungsmaterial des Kunstwerkes :<\/p>\n<p class=\"style3\" style=\"text-align: center;\" align=\"left\">die Dose.<\/p>\n<p class=\"style3\" style=\"text-align: center;\" align=\"left\">Christoph Menger stellt die Getr\u00e4nkedose als materiellen\u00a0Rohstofflieferanten in das Zentrum seiner Arbeit.<\/p>\n<p class=\"style3\" style=\"text-align: center;\" align=\"left\">Ein Gegenstand, t\u00e4glich weltweit millionenfach gekauft,\u00a0geleert und auf die eine oder andere Art entsorgt - eine\u00a0<\/p>\n<p class=\"style3\" style=\"text-align: center;\" align=\"left\">echte Ikone des Konsums - wird zum Ausgangspunkt\u00a0k\u00fcnstlerischer Gestaltung.<\/p>\n<p class=\"style3\" style=\"text-align: center;\" align=\"left\">Aus einer Ansammlung deutscher und internationaler\u00a0handels\u00fcblicher Dosenmarken entwickelt Menger\u00a0 in\u00a0<\/p>\n<p class=\"style3\" style=\"text-align: center;\" align=\"left\">m\u00fchevoller Kleinarbeit,\u00a0 3D-Bilder, Postkarten und\u00a0Mosaikbilder mit beeindruckenden,\u00a0faszinierenden Motiven.<\/p>\n<p class=\"style3\" style=\"text-align: center;\" align=\"left\">Die einzelnen Bausteine, quadratische Pixel von 1-2 cm\u00a0L\u00e4nge oder unregelm\u00e4\u00dfig geschnittene Bl\u00e4ttchen von ca.2 cm ,<\/p>\n<p class=\"style3\" style=\"text-align: center;\" align=\"left\"><span class=\"style1\">sowie fig\u00fcrlicheMotive\u00a0 wie z.B. Tiere, Figuren werden nach dem\u00a0<\/span>Abtrennen der Dosendeckel und -b\u00f6den von dem K\u00fcnstler\u00a0<\/p>\n<p class=\"style3\" style=\"text-align: center;\" align=\"left\">mit Scheren aus dem Wei\u00dfblech ausgeschnitten.\u00a0Mit zahlreichen, oft tausenden, dicht nebeneinandergelegten,\u00a0<\/p>\n<p class=\"style3\" style=\"text-align: center;\" align=\"left\">kleinen Mosaiksteinchen nehmen die Werke zusehends Gestalt an. Beg\u00fcnstigt durch die bunte und reichhaltige Farbskala der\u00a0<\/p>\n<p class=\"style3\" style=\"text-align: center;\" align=\"left\">Getr\u00e4nkedosen, der Bemalung und dem Einsatz von Silber- und\u00a0Goldfolien, von denen allein schon ein starkes Eigenlicht ausgeht,\u00a0<\/p>\n<p class=\"style3\" style=\"text-align: center;\" align=\"left\">scheinen die Werke regelrecht zu gl\u00fchen.\u00a0<\/p>\n<p class=\"style3\" style=\"text-align: center;\" align=\"left\">Christoph Menger verwandelt auf intelligente und \u00e4sthetisch\u00a0ansprechende Weise M\u00fcll zu farbenfrohen und phantasievollen Welten,\u00a0<\/p>\n<p class=\"style3\" style=\"text-align: center;\" align=\"left\">die Freude machen und gen\u00fcgend Raum f\u00fcr freie Gedanken bieten.<\/p>\n<p style=\"text-align: center;\" align=\"left\">Seine Kunstwerke dokumentieren das Konsumverhalten der Menschen in der \"modernen Zeit\".<\/p>\n<\/div><\/div><\/div><\/div><\/div><\/div><div id=\"pg-7-1\"  class=\"panel-grid panel-has-style\" ><div style=\"padding: 100px 0; \" data-overlay=\"true\" data-overlay-color=\"#000000\" class=\"panel-row-style panel-row-style-for-7-1\" ><div id=\"pgc-7-1-0\"  class=\"panel-grid-cell\" ><div id=\"panel-7-1-0-0\" class=\"so-panel widget widget_sydney_facts sydney_facts_widget panel-first-child panel-last-child\" data-index=\"1\" ><div style=\"text-align: left;\" data-title-color=\"#443f3f\" data-headings-color=\"#443f3f\" class=\"panel-widget-style panel-widget-style-for-7-1-0-0\" >\r\n\t\t<h3 class=\"widget-title\">Fakten<\/h3>\r\n\t\t\t\t<div class=\"col-md-3 col-sm-3\">\r\n\t\t\t<div class=\"roll-counter\">\r\n\t\t\t\t<i class=\"fa \"><\/i>\r\n\t\t\t\t<div class=\"name-count\">Recycling Art Bilder<\/div>\r\n\t\t\t\t<div class=\"numb-count\" data-from=\"0\" data-to=\"724\" data-speed=\"2000\" data-waypoint-active=\"yes\">724<\/div>\r\n\t\t\t<\/div>\r\n\t\t<\/div>\r\n\t\t\t\t\t\t<div class=\"col-md-3 col-sm-3\">\r\n\t\t\t<div class=\"roll-counter\">\r\n\t\t\t\t<i class=\"fa \"><\/i>\r\n\t\t\t\t<div class=\"name-count\">Postcan Bilder<\/div>\r\n\t\t\t\t<div class=\"numb-count\" data-from=\"0\" data-to=\"178\" data-speed=\"2000\" data-waypoint-active=\"yes\">178<\/div>\r\n\t\t\t<\/div>\r\n\t\t<\/div>\r\n\t\t\t\t\t\t<div class=\"col-md-3 col-sm-3\">\r\n\t\t\t<div class=\"roll-counter\">\r\n\t\t\t\t<i class=\"fa \"><\/i>\r\n\t\t\t\t<div class=\"name-count\">Pixel\/Mosaik Bilder<\/div>\r\n\t\t\t\t<div class=\"numb-count\" data-from=\"0\" data-to=\"3\" data-speed=\"2000\" data-waypoint-active=\"yes\">3<\/div>\r\n\t\t\t<\/div>\r\n\t\t<\/div>\r\n\t\t\t\t\t\t<div class=\"col-md-3 col-sm-3\">\r\n\t\t\t<div class=\"roll-counter\">\r\n\t\t\t\t<i class=\"fa \"><\/i>\r\n\t\t\t\t<div class=\"name-count\">Diverse<\/div>\r\n\t\t\t\t<div class=\"numb-count\" data-from=\"0\" data-to=\"3\" data-speed=\"2000\" data-waypoint-active=\"yes\">3<\/div>\r\n\t\t\t<\/div>\r\n\t\t<\/div>\r\n\t\t\r\n\t<\/div><\/div><\/div><\/div><\/div><div id=\"pg-7-2\"  class=\"panel-grid panel-has-style\" ><div style=\"padding: 100px 0; \" data-overlay=\"true\" data-overlay-color=\"#000000\" class=\"panel-row-style panel-row-style-for-7-2\" ><div id=\"pgc-7-2-0\"  class=\"panel-grid-cell\" ><div id=\"panel-7-2-0-0\" class=\"so-panel widget widget_black-studio-tinymce widget_black_studio_tinymce panel-first-child panel-last-child\" data-index=\"2\" ><div style=\"text-align: left;\" data-title-color=\"#443f3f\" data-headings-color=\"#443f3f\" class=\"panel-widget-style panel-widget-style-for-7-2-0-0\" ><div class=\"textwidget\"><h4>Biografie<\/h4>\n<p>1969 \u00a0 \u00a0 \u00a0 \u00a0 \u00a0 Geboren in Mannheim<\/p>\n<p>1990 \u00a0 \u00a0 \u00a0 \u00a0 \u00a0 Abitur am Staatlichen Aufbaugymnasium Adelsheim<\/p>\n<p>1990-96 \u00a0\u00a0 Studium der Rechtswissenschaften an der Universit\u00e4t Heidelberg<\/p>\n<p>1996 \u00a0 \u00a0 \u00a0 \u00a0 \u00a0 Einrichtung eines Ateliers in Gro\u00df-Rohrheim<\/p>\n<p>1997 \u00a0 \u00a0 \u00a0 \u00a0 \u00a0 Umstellung auf 3D-Bilder<\/p>\n<p>1998 \u00a0 \u00a0 \u00a0 \u00a0 \u00a0 Entwicklung der Postcans<\/p>\n<p>1999 \u00a0 \u00a0 \u00a0 \u00a0 \u00a0 Beginn der Can-Cubes<\/p>\n<p>2000 \u00a0 \u00a0 \u00a0 \u00a0 \u00a0 Entstehung gro\u00dfformatiger Pixelbilder<\/p>\n<p>2001 \u00a0 \u00a0 \u00a0 \u00a0 \u00a0 Arbeit an Mosaikbildern<\/p>\n<p>2005 \u00a0 \u00a0 \u00a0 \u00a0 \u00a0 Ateliererweiterung<\/p>\n<p>2006 \u00a0 \u00a0 \u00a0 \u00a0 \u00a0 Anlegen des Ateliergartens<\/p>\n<p>2008 \u00a0 \u00a0 \u00a0 \u00a0 \u00a0 Postcan Sets<\/p>\n<p>2009 \u00a0 \u00a0 \u00a0 \u00a0 \u00a0 Leinwandbilder mit Pixel<\/p>\n<p>2010 \u00a0 \u00a0 \u00a0 \u00a0 \u00a0 Leinwandbilder mit Pixel und Can Cubes<\/p>\n<p>2011 \u00a0 \u00a0 \u00a0 \u00a0 \u00a0\u00a0 Atelierumbau<\/p>\n<\/div><\/div><\/div><\/div><div id=\"pgc-7-2-1\"  class=\"panel-grid-cell\" ><div id=\"panel-7-2-1-0\" class=\"so-panel widget widget_black-studio-tinymce widget_black_studio_tinymce panel-first-child panel-last-child\" data-index=\"3\" ><div style=\"text-align: left;\" data-title-color=\"#443f3f\" data-headings-color=\"#443f3f\" class=\"panel-widget-style panel-widget-style-for-7-2-1-0\" ><div class=\"textwidget\"><h4>Ausstellungen\u00a0<\/h4>\n<p>2017 \u00a0 \u00a0 \u00a0\u00a0 Kieferorthop\u00e4dische Praxis Katharina Munk, Darmstadt<\/p>\n<p>2017 \u00a0 \u00a0 \u00a0\u00a0 Kunsthandlung Langheinz, Darmstadt<\/p>\n<p>2016 \u00a0 \u00a0 \u00a0\u00a0 Stadthaus I , Pfungstadt2016 \u00a0 \u00a0 \u00a0\u00a0 K\u00fcnstlerverein B\u00fcrstadt 1994 e.V. , B\u00fcrgerhaus , B\u00fcrstadt<\/p>\n<p>2016 \u00a0 \u00a0 \u00a0\u00a0 Rathaus , Rossdorf<\/p>\n<p>2016 \u00a0 \u00a0 \u00a0\u00a0 \" Galerie Haus am R\u00f6mer \" , Lampertheim<\/p>\n<p>2016 \u00a0 \u00a0 \u00a0\u00a0 Gertrud - Eysoldt - Foyer im Parktheater , Bensheim<\/p>\n<p>2015 \u00a0 \u00a0 \u00a0\u00a0 Hochwald Foods GmbH , Thalfang<\/p>\n<p>2014 \u00a0 \u00a0 \u00a0\u00a0 Installation \"H\u00e4ndebaum \" Sch\u00f6nauschule - Grundschule , Mannheim<\/p>\n<p>2013 \u00a0 \u00a0 \u00a0\u00a0 Kreiskrankenhaus , Buchen ( Odenwald )<\/p>\n<p>2012 \u00a0 \u00a0 \u00a0\u00a0 Edition + Kunsthandel Verbr\u00fcggen , K\u00f6ln<\/p>\n<p>2010 \u00a0 \u00a0 \u00a0\u00a0 Haus der Untenehmensverb\u00e4nde , Saarbr\u00fccken<\/p>\n<p>2009 \u00a0 \u00a0 \u00a0 Offenes Atelier D.U. Design , Villach<\/p>\n<p>2009 \u00a0 \u00a0 \u00a0 Galerie M Beck, Homburg \/ Saar-Schwarzenacker<\/p>\n<p>2008 \u00a0 \u00a0 \u00a0 Internationale Kunstmesse, Salzburg<\/p>\n<p>2008 \u00a0 \u00a0 \u00a0 Art Innsbruck<\/p>\n<p>2008 \u00a0 \u00a0 \u00a0 RA Unger , Gernsheim<\/p>\n<p>2007 \u00a0 \u00a0 \u00a0 Internationale Kunstmesse , Salzburg<\/p>\n<p>2007 \u00a0 \u00a0 \u00a0 Tanzmeister , Mannheim<\/p>\n<p>2007 \u00a0 \u00a0 \u00a0 Workshop Langenbergschule , Birkenau<\/p>\n<p>2007 \u00a0 \u00a0 \u00a0 Sparkasse Worms-Alzey-Ried ,Worms<\/p>\n<p>2007 \u00a0 \u00a0 \u00a0 Klinikum ,Mannheim<\/p>\n<p>2007 \u00a0 \u00a0 \u00a0 Galerie am Ritterplatz , Bensheim<\/p>\n<p>2006 \u00a0 \u00a0 \u00a0 Sparkasse ,Rimbach<\/p>\n<p>2006 \u00a0 \u00a0 \u00a0 Sparkasse ,F\u00fcrth<\/p>\n<p>2006 \u00a0 \u00a0 \u00a0 Sparkasse ,Wald-Michelbach<\/p>\n<p>2006 \u00a0 \u00a0 \u00a0 Sparkasse ,Viernheim<\/p>\n<p>2006 \u00a0 \u00a0 \u00a0 Sparkasse ,Birkenau<\/p>\n<p>2006 \u00a0 \u00a0 \u00a0 Sparkasse ,M\u00f6rlenbach<\/p>\n<p>2006 \u00a0 \u00a0 \u00a0 Rathaus , Bobenheim-Roxheim<\/p>\n<p>2005 \u00a0 \u00a0 \u00a0 Dr.Heimlich ,Heidelberg<\/p>\n<p>2005 \u00a0 \u00a0 \u00a0 Gemeinschaftspraxis Gutensohn &amp; Kraus , Leimen<\/p>\n<p>2005 \u00a0 \u00a0 \u00a0 Dental Bauer ,Heidelberg<\/p>\n<p>2004 \u00a0 \u00a0 \u00a0 Rathaus , Frankenthal<\/p>\n<p>2004 \u00a0 \u00a0 \u00a0 Autohaus M\u00fcller Audi , Worms<\/p>\n<p>2004 \u00a0 \u00a0 \u00a0 Dr.Suntz ,Sandhausen<\/p>\n<p>2004 \u00a0 \u00a0 \u00a0 Zahnarztpraxis M\u00fcller , Sch\u00f6nau<\/p>\n<p>2003 \u00a0 \u00a0 \u00a0 Zahnarztpraxis Hill , Gernsheim<\/p>\n<p>2003 \u00a0 \u00a0 \u00a0 Ball Packaging Europe GmbH , Bonn<\/p>\n<p>2002 \u00a0 \u00a0 \u00a0 Auden Galerie, Bad Homburg<\/p>\n<p>2002 \u00a0 \u00a0 \u00a0 K\u00e4rcher , Winnenden<\/p>\n<p>2002 \u00a0 \u00a0 \u00a0 Zahnarztpraxis Knebel , Upstadt-Weiher<\/p>\n<p>2002 \u00a0 \u00a0 \u00a0 M Finanz , Heidelberg<\/p>\n<p>2002 \u00a0 \u00a0 \u00a0 Schmalbach-Lubeca AG , Hassloch<\/p>\n<p>2002 \u00a0 \u00a0 \u00a0 Interpack , D\u00fcsseldorf<\/p>\n<p>2002 \u00a0 \u00a0 \u00a0 Volksbank , Lampertheim<\/p>\n<p>2001 \u00a0 \u00a0 \u00a0 Freudenberg IT KG , Weinheim<\/p>\n<p>2001 \u00a0 \u00a0 \u00a0 Zahnarztpraxis Detzel , Weingarten<\/p>\n<p>2001 \u00a0 \u00a0 \u00a0 EWR AG , Worms<\/p>\n<p>2001 \u00a0 \u00a0 \u00a0 Dr.Buttron , Gross-Rohrheim<\/p>\n<p>2000 \u00a0 \u00a0 \u00a0 Engelhorn &amp; Sturm , Mannheim<\/p>\n<p>2000 \u00a0 \u00a0 \u00a0 Citibank , Wiesbaden<\/p>\n<p>2000 \u00a0 \u00a0 \u00a0 Cube , 1.Red Bull Kreativ-Wettbewerb , Essen<\/p>\n<p>1999 \u00a0 \u00a0 \u00a0 GEK-Hauptverwaltung,Schw\u00e4bisch Gm\u00fcnd<\/p>\n<p>1998 \u00a0 \u00a0 \u00a0 Anas , N\u00fcrnberg<\/p>\n<p>1998 \u00a0 \u00a0 \u00a0 Schlo\u00df Halberg , Saarbr\u00fccken<\/p>\n<p>1998 \u00a0 \u00a0 \u00a0 SAP Retail Solutions GmbH &amp; Co. KG , St. Ingbert<\/p>\n<p>1998 \u00a0 \u00a0 \u00a0 Zahnarztpraxis Tkalcic , Hockenheim<\/p>\n<p>1998 \u00a0 \u00a0 \u00a0 Schuster &amp; Walther Art Wear ,N\u00fcrnberg<\/p>\n<p>1997 \u00a0 \u00a0 \u00a0 Hessische Industriem\u00fcll GmbH , Biebesheim<\/p>\n<p>1996 \u00a0 \u00a0 \u00a0 The Pittsburgh Athletic Association , Pittsburgh<\/p>\n<p>1996 \u00a0 \u00a0 \u00a0 Mendelson Gallery , Pittsburgh<\/p>\n<p>1996 \u00a0 \u00a0 \u00a0 Bureau of Land Recycling and Waste Management , Pittsburgh<\/p>\n<p>1996 \u00a0 \u00a0 \u00a0 Landratsamt Rems- Murr , Waiblingen<\/p>\n<p>1996 \u00a0 \u00a0 \u00a0 Variet\u00e9 Pegasus , Bensheim<\/p>\n<p>1996 \u00a0 \u00a0 \u00a0 Bernhardt GmbH Audi , Heidelberg<\/p>\n<p>1995 \u00a0 \u00a0 \u00a0 Kelly\u00b4s Design Hotel , Bensheim<\/p>\n<p>1995 \u00a0 \u00a0 \u00a0 Landratsamt Kreis Bergstra\u00dfe , Heppenheim<\/p>\n<p>1995 \u00a0 \u00a0 \u00a0 H &amp; M Interdrink , Mannheim<\/p>\n<p>1995 \u00a0 \u00a0 \u00a0 Cover Arts Galerie , Heidelberg<\/p>\n<p>1995 \u00a0 \u00a0 \u00a0 S\u00fcdzucker AG Hauptverwaltung , Mannheim<\/p>\n<p>1995 \u00a0 \u00a0 \u00a0 Naturschutzbund Deutschland , R\u00f6dermak<\/p>\n<\/div><\/div><\/div><\/div><\/div><\/div><\/div>","protected":false},"excerpt":{"rendered":"<p>Recyclingk\u00fcnstler Christoph MengerAbfall einmal anders !Erst bei n\u00e4herer Betrachtung erkennt oder besser erahnt der Kunstinteressierte das eigentliche Ursprungsmaterial des Kunstwerkes :die Dose.Christoph [&hellip;]<\/p>\n","protected":false},"author":1,"featured_media":0,"parent":0,"menu_order":0,"comment_status":"closed","ping_status":"closed","template":"page-templates\/page_fullwidth.php","meta":{"footnotes":""},"class_list":["post-7","page","type-page","status-publish","hentry"],"_links":{"self":[{"href":"https:\/\/christophmenger.de\/christophmenger\/wp-json\/wp\/v2\/pages\/7","targetHints":{"allow":["GET"]}}],"collection":[{"href":"https:\/\/christophmenger.de\/christophmenger\/wp-json\/wp\/v2\/pages"}],"about":[{"href":"https:\/\/christophmenger.de\/christophmenger\/wp-json\/wp\/v2\/types\/page"}],"author":[{"embeddable":true,"href":"https:\/\/christophmenger.de\/christophmenger\/wp-json\/wp\/v2\/users\/1"}],"replies":[{"embeddable":true,"href":"https:\/\/christophmenger.de\/christophmenger\/wp-json\/wp\/v2\/comments?post=7"}],"version-history":[{"count":62,"href":"https:\/\/christophmenger.de\/christophmenger\/wp-json\/wp\/v2\/pages\/7\/revisions"}],"predecessor-version":[{"id":6620,"href":"https:\/\/christophmenger.de\/christophmenger\/wp-json\/wp\/v2\/pages\/7\/revisions\/6620"}],"wp:attachment":[{"href":"https:\/\/christophmenger.de\/christophmenger\/wp-json\/wp\/v2\/media?parent=7"}],"curies":[{"name":"wp","href":"https:\/\/api.w.org\/{rel}","templated":true}]}}